{"id":2,"date":"2025-09-08T04:42:04","date_gmt":"2025-09-08T04:42:04","guid":{"rendered":"https:\/\/bdshanoi.io.vn\/?page_id=2"},"modified":"2025-09-08T07:05:13","modified_gmt":"2025-09-08T07:05:13","slug":"trang-mau","status":"publish","type":"page","link":"https:\/\/bdshanoi.io.vn\/index.php\/trang-mau\/","title":{"rendered":"C\u1ea2NH QUAN THI\u00caN NHI\u00caN TRONG L\u00c0NH"},"content":{"rendered":"\n<figure class=\"wp-block-image alignwide size-large\"><img loading=\"lazy\" decoding=\"async\" width=\"1024\" height=\"643\" src=\"https:\/\/bdshanoi.io.vn\/wp-content\/uploads\/2025\/09\/Screenshot_13-1-1024x643.png\" alt=\"\" class=\"wp-image-45\" srcset=\"https:\/\/bdshanoi.io.vn\/wp-content\/uploads\/2025\/09\/Screenshot_13-1-1024x643.png 1024w, https:\/\/bdshanoi.io.vn\/wp-content\/uploads\/2025\/09\/Screenshot_13-1-300x188.png 300w, https:\/\/bdshanoi.io.vn\/wp-content\/uploads\/2025\/09\/Screenshot_13-1-768x482.png 768w, https:\/\/bdshanoi.io.vn\/wp-content\/uploads\/2025\/09\/Screenshot_13-1.png 1197w\" sizes=\"auto, (max-width: 1024px) 100vw, 1024px\" \/><\/figure>\n\n\n\n<div class=\"wp-block-columns is-layout-flex wp-container-core-columns-is-layout-28f84493 wp-block-columns-is-layout-flex\">\n<div class=\"wp-block-column is-layout-flow wp-block-column-is-layout-flow\" style=\"flex-basis:33.33%\"><\/div>\n\n\n\n<div class=\"wp-block-column is-layout-flow wp-block-column-is-layout-flow\" style=\"flex-basis:66.66%\"><\/div>\n<\/div>\n\n\n\n<figure class=\"wp-block-image alignwide size-full\"><img loading=\"lazy\" decoding=\"async\" width=\"603\" height=\"385\" src=\"https:\/\/bdshanoi.io.vn\/wp-content\/uploads\/2025\/09\/Screenshot_20-1.png\" alt=\"\" class=\"wp-image-46\" srcset=\"https:\/\/bdshanoi.io.vn\/wp-content\/uploads\/2025\/09\/Screenshot_20-1.png 603w, https:\/\/bdshanoi.io.vn\/wp-content\/uploads\/2025\/09\/Screenshot_20-1-300x192.png 300w\" sizes=\"auto, (max-width: 603px) 100vw, 603px\" \/><\/figure>\n\n\n\n<div class=\"wp-block-group alignfull has-global-padding is-layout-constrained wp-container-core-group-is-layout-ebee8dc1 wp-block-group-is-layout-constrained\" style=\"margin-top:0;margin-bottom:0;padding-top:var(--wp--preset--spacing--50);padding-bottom:var(--wp--preset--spacing--50)\">\n<h2 class=\"wp-block-heading alignwide\">Ti\u1ec7n \u00edch \u0111\u1eb3ng c\u1ea5p<\/h2>\n\n\n\n<div class=\"wp-block-columns alignwide is-layout-flex wp-container-core-columns-is-layout-28f84493 wp-block-columns-is-layout-flex\">\n<div class=\"wp-block-column is-layout-flow wp-block-column-is-layout-flow\">\n<figure class=\"wp-block-image size-full\" style=\"margin-bottom:24px\"><img loading=\"lazy\" decoding=\"async\" width=\"662\" height=\"615\" src=\"https:\/\/bdshanoi.io.vn\/wp-content\/uploads\/2025\/09\/Screenshot_10-4.png\" alt=\"\" class=\"wp-image-47\" style=\"aspect-ratio:4\/3;object-fit:cover\" srcset=\"https:\/\/bdshanoi.io.vn\/wp-content\/uploads\/2025\/09\/Screenshot_10-4.png 662w, https:\/\/bdshanoi.io.vn\/wp-content\/uploads\/2025\/09\/Screenshot_10-4-300x279.png 300w\" sizes=\"auto, (max-width: 662px) 100vw, 662px\" \/><\/figure>\n\n\n\n<h3 class=\"wp-block-heading\">B\u1ec3 B\u01a1i V\u00f4 C\u1ef1c<\/h3>\n\n\n\n<p class=\"has-medium-font-size\">B\u1ec3 b\u01a1i b\u1ed1n m\u00f9a m\u00e1i k\u00ednh thi\u1ebft k\u1ebf hi\u1ec7n \u0111\u1ea1i, h\u00f2a quy\u1ec7n v\u1edbi c\u1ea3nh quan thi\u00ean nhi\u00ean<\/p>\n<\/div>\n\n\n\n<div class=\"wp-block-column is-layout-flow wp-block-column-is-layout-flow\">\n<figure class=\"wp-block-image size-full\" style=\"margin-bottom:24px\"><img loading=\"lazy\" decoding=\"async\" width=\"577\" height=\"453\" src=\"https:\/\/bdshanoi.io.vn\/wp-content\/uploads\/2025\/09\/Screenshot_9-7.png\" alt=\"\" class=\"wp-image-48\" style=\"aspect-ratio:4\/3;object-fit:cover\" srcset=\"https:\/\/bdshanoi.io.vn\/wp-content\/uploads\/2025\/09\/Screenshot_9-7.png 577w, https:\/\/bdshanoi.io.vn\/wp-content\/uploads\/2025\/09\/Screenshot_9-7-300x236.png 300w\" sizes=\"auto, (max-width: 577px) 100vw, 577px\" \/><\/figure>\n\n\n\n<h3 class=\"wp-block-heading\">Ngay s\u00e1t b\u1edd bi\u1ec3n<\/h3>\n\n\n\n<p class=\"has-medium-font-size\">B\u1eafn ph\u00e1o hoa r\u1ef1c r\u1ee1 di\u1ec5n ra v\u00e0o m\u1ed7i t\u1ed1i th\u1ee9 6 v\u00e0 th\u1ee9 7 h\u00e0ng tu\u1ea7n, mang \u0111\u1ebfn tr\u1ea3i nghi\u1ec7m gi\u1ea3i tr\u00ed \u0111\u1eb7c s\u1eafc<\/p>\n<\/div>\n\n\n\n<div class=\"wp-block-column is-layout-flow wp-block-column-is-layout-flow\">\n<figure class=\"wp-block-image size-full\" style=\"margin-bottom:24px\"><img loading=\"lazy\" decoding=\"async\" width=\"1201\" height=\"764\" src=\"https:\/\/bdshanoi.io.vn\/wp-content\/uploads\/2025\/09\/Screenshot_11-2.png\" alt=\"\" class=\"wp-image-49\" style=\"aspect-ratio:4\/3;object-fit:cover\" srcset=\"https:\/\/bdshanoi.io.vn\/wp-content\/uploads\/2025\/09\/Screenshot_11-2.png 1201w, https:\/\/bdshanoi.io.vn\/wp-content\/uploads\/2025\/09\/Screenshot_11-2-300x191.png 300w, https:\/\/bdshanoi.io.vn\/wp-content\/uploads\/2025\/09\/Screenshot_11-2-1024x651.png 1024w, https:\/\/bdshanoi.io.vn\/wp-content\/uploads\/2025\/09\/Screenshot_11-2-768x489.png 768w\" sizes=\"auto, (max-width: 1201px) 100vw, 1201px\" \/><\/figure>\n\n\n\n<h3 class=\"wp-block-heading\">View tr\u1ef1c di\u1ec7n bi\u1ec3n<\/h3>\n\n\n\n<p class=\"has-medium-font-size\">Sun Centro Town s\u1edf h\u1eefu v\u1ecb tr\u00ed chi\u1ebfn l\u01b0\u1ee3c t\u1ea1i trung t\u00e2m t\u1ed5 h\u1ee3p Sun Elite City r\u1ed9ng 324 hecta, ti\u1ebfp gi\u00e1p m\u1eb7t bi\u1ec3n, g\u1ea7n k\u1ec1 qu\u1ea3ng tr\u01b0\u1eddng bi\u1ec3n Sun Carnival, k\u1ebf c\u1eadn c\u00f4ng vi\u00ean R\u1ed3ng, c\u00e1ch kh\u00f4ng xa l\u00e0 t\u1ed5 h\u1ee3p c\u1ea3ng bi\u1ec3n qu\u1ed1c t\u1ebf, t\u1ed5 h\u1ee3p c\u00f4ng vi\u00ean gi\u1ea3i tr\u00ed theo ch\u1ee7 \u0111\u1ec1 Sun World v\u00e0 tuy\u1ebfn \u0111\u01b0\u1eddng bao bi\u1ec3n H\u1ea1 Long<\/p>\n<\/div>\n<\/div>\n<\/div>\n","protected":false},"excerpt":{"rendered":"<p>Ti\u1ec7n \u00edch \u0111\u1eb3ng c\u1ea5p B\u1ec3 B\u01a1i V\u00f4 C\u1ef1c B\u1ec3 b\u01a1i b\u1ed1n m\u00f9a m\u00e1i k\u00ednh thi\u1ebft k\u1ebf hi\u1ec7n \u0111\u1ea1i, h\u00f2a quy\u1ec7n v\u1edbi c\u1ea3nh quan thi\u00ean nhi\u00ean Ngay s\u00e1t b\u1edd bi\u1ec3n B\u1eafn ph\u00e1o hoa r\u1ef1c r\u1ee1 di\u1ec5n ra v\u00e0o m\u1ed7i t\u1ed1i th\u1ee9 6 v\u00e0 th\u1ee9 7 h\u00e0ng tu\u1ea7n, mang \u0111\u1ebfn tr\u1ea3i nghi\u1ec7m gi\u1ea3i tr\u00ed \u0111\u1eb7c s\u1eafc View [&hellip;]<\/p>\n","protected":false},"author":1,"featured_media":0,"parent":0,"menu_order":0,"comment_status":"closed","ping_status":"open","template":"","meta":{"footnotes":""},"class_list":["post-2","page","type-page","status-publish","hentry"],"_links":{"self":[{"href":"https:\/\/bdshanoi.io.vn\/index.php\/wp-json\/wp\/v2\/pages\/2","targetHints":{"allow":["GET"]}}],"collection":[{"href":"https:\/\/bdshanoi.io.vn\/index.php\/wp-json\/wp\/v2\/pages"}],"about":[{"href":"https:\/\/bdshanoi.io.vn\/index.php\/wp-json\/wp\/v2\/types\/page"}],"author":[{"embeddable":true,"href":"https:\/\/bdshanoi.io.vn\/index.php\/wp-json\/wp\/v2\/users\/1"}],"replies":[{"embeddable":true,"href":"https:\/\/bdshanoi.io.vn\/index.php\/wp-json\/wp\/v2\/comments?post=2"}],"version-history":[{"count":2,"href":"https:\/\/bdshanoi.io.vn\/index.php\/wp-json\/wp\/v2\/pages\/2\/revisions"}],"predecessor-version":[{"id":50,"href":"https:\/\/bdshanoi.io.vn\/index.php\/wp-json\/wp\/v2\/pages\/2\/revisions\/50"}],"wp:attachment":[{"href":"https:\/\/bdshanoi.io.vn\/index.php\/wp-json\/wp\/v2\/media?parent=2"}],"curies":[{"name":"wp","href":"https:\/\/api.w.org\/{rel}","templated":true}]}}